{"id":10287,"date":"2021-12-28T11:33:06","date_gmt":"2021-12-28T10:33:06","guid":{"rendered":"https:\/\/www.heyusa.com\/nl\/?page_id=10287"},"modified":"2023-02-21T22:42:20","modified_gmt":"2023-02-21T21:42:20","slug":"fotografie-photography-policy","status":"publish","type":"page","link":"https:\/\/www.heyusa.com\/nl\/fotografie-photography-policy\/","title":{"rendered":"Fotografie \/ photography policy"},"content":{"rendered":"<section class=\"wpb-content-wrapper\">[vc_row][vc_column][vc_column_text]Als uitgever van Hey!USA nemen wij het gebruik van fotografie zeer serieus. Het is \u00e9\u00e9n van onze meest waardevolle bezittingen. Daar waar mogelijk gebruiken wij eigen fotografie en video. Eventuele andere beelden worden door middel van foto databases en onafhankelijke fotografen aangevuld. Deze website bevat ook persoonlijke fotografie van onze gastauteurs. Andere fotografie is mogelijk afkomstig van Wikipedia of Flickr, op basis van Creative Commons licenties.<\/p>\n<p>NWYRK Media hanteert een streng \u2018zero tolerance\u2019 policy op het gebruik van fotografie van derden zonder toestemming. Als creator en producent van kwalitatieve content staan wij niet toe dat fotografie wordt gebruikt, waarvan wij geen rechten bezitten. Mocht dit onverhoopt door \u00e9\u00e9n van onze auteurs t\u00f3ch gebruikt zijn, wat wij betreuren, dan vragen we je om contact op te nemen met de uitgever om alsnog afspraken te maken voor het gebruik van de betreffende beelden. Contact opnemen kan makkelijk via: <em><span \n                data-original-string='C8yAq5SUCkzvUKsBFd5Sxw==da1y6bdcPvAs6Rqi6B\/c9gYupF\/\/ZDdSTpw9J6bNcbxP8k='\n                class='apbct-email-encoder'\n                title='Dit contact is gecodeerd door Anti-Spam by CleanTalk. Klik om te decoderen. Om het decoderen te voltooien, moet JavaScript ingeschakeld zijn in je browser.'>se<span class=\"apbct-blur\">********<\/span>@<span class=\"apbct-blur\">****<\/span>sa.com<\/span>\u00a0<\/em><\/p>\n<p>&nbsp;<\/p>\n<p><strong>English:<\/strong><br \/>\nAs publisher of Hey!USA we take photography very serious. It\u2019s one of our most important assets. Where possible, we try to use own photography and video as much as possible. Other and additional footage is licensed from several photo libraries and independent photographers. This website also contains personal photography by our many guest editors. Other photography is used from Wikipedia and Flickr, based on Creative Commons licenses.<\/p>\n<p>Hey!USA has a strict zero tolerance policy on the use of photography from photographers without permission. As a creator and content producer of high quality content, we do not allow photography that\u2019s been taken from the internet without proper licenses. If, however, one of our editors did use footage that we don\u2019t own or have licensed, we truly regret this. If so, please contact us directly to arrange the required rights of use and license by emailing our publisher <em><span \n                data-original-string='5sW6uyY4FGPzUOPuOT6Ueg==da1I5Glf9wXLsY6h\/vzRLJiV5+QgiNKoBIx5fV1WDIa+a0='\n                class='apbct-email-encoder'\n                title='Dit contact is gecodeerd door Anti-Spam by CleanTalk. Klik om te decoderen. Om het decoderen te voltooien, moet JavaScript ingeschakeld zijn in je browser.'>se<span class=\"apbct-blur\">********<\/span>@<span class=\"apbct-blur\">****<\/span>sa.com<\/span><\/em>. Thank you.[\/vc_column_text][\/vc_column][\/vc_row]\n<\/section>","protected":false},"excerpt":{"rendered":"<p>[vc_row][vc_column][vc_column_text]Als uitgever van Hey!USA nemen wij het gebruik van fotografie zeer serieus. Het is \u00e9\u00e9n van onze meest waardevolle bezittingen. Daar waar mogelijk gebruiken wij eigen fotografie en video. Eventuele andere beelden worden door middel van foto databases en onafhankelijke fotografen aangevuld. Deze website bevat ook persoonlijke fotografie van onze gastauteurs. Andere fotografie is mogelijk&hellip;<\/p>\n","protected":false},"author":1,"featured_media":0,"parent":0,"menu_order":0,"comment_status":"closed","ping_status":"closed","template":"","meta":{"_acf_changed":false,"inline_featured_image":false,"footnotes":""},"class_list":["post-10287","page","type-page","status-publish","hentry"],"acf":[],"yoast_head":"<title>Fotografie \/ photography policy - Hey!USA<\/title>\n<meta name=\"robots\" content=\"index, follow, max-snippet:-1, max-image-preview:large, max-video-preview:-1\" \/>\n<link rel=\"canonical\" href=\"https:\/\/www.heyusa.com\/nl\/fotografie-photography-policy\/\" \/>\n<meta property=\"og:locale\" content=\"nl_NL\" \/>\n<meta property=\"og:type\" content=\"article\" \/>\n<meta property=\"og:title\" content=\"Fotografie \/ photography policy\" \/>\n<meta property=\"og:description\" content=\"[vc_row][vc_column][vc_column_text]Als uitgever van Hey!USA nemen wij het gebruik van fotografie zeer serieus. Het is \u00e9\u00e9n van onze meest waardevolle bezittingen. Daar waar mogelijk gebruiken wij eigen fotografie en video. Eventuele andere beelden worden door middel van foto databases en onafhankelijke fotografen aangevuld. Deze website bevat ook persoonlijke fotografie van onze gastauteurs. Andere fotografie is mogelijk&hellip;\" \/>\n<meta property=\"og:url\" content=\"https:\/\/www.heyusa.com\/nl\/fotografie-photography-policy\/\" \/>\n<meta property=\"og:site_name\" content=\"Hey!USA\" \/>\n<meta property=\"article:publisher\" content=\"https:\/\/www.facebook.com\/heyusa.nl\" \/>\n<meta property=\"article:modified_time\" content=\"2023-02-21T21:42:20+00:00\" \/>\n<meta name=\"twitter:card\" content=\"summary_large_image\" \/>\n<meta name=\"twitter:label1\" content=\"Geschatte leestijd\" \/>\n\t<meta name=\"twitter:data1\" content=\"2 minuten\" \/>\n<script type=\"application\/ld+json\" class=\"yoast-schema-graph\">{\"@context\":\"https:\/\/schema.org\",\"@graph\":[{\"@type\":\"WebPage\",\"@id\":\"https:\/\/www.heyusa.com\/nl\/fotografie-photography-policy\/\",\"url\":\"https:\/\/www.heyusa.com\/nl\/fotografie-photography-policy\/\",\"name\":\"Fotografie \/ photography policy - Hey!USA\",\"isPartOf\":{\"@id\":\"https:\/\/www.heyusa.com\/nl\/#website\"},\"datePublished\":\"2021-12-28T10:33:06+00:00\",\"dateModified\":\"2023-02-21T21:42:20+00:00\",\"breadcrumb\":{\"@id\":\"https:\/\/www.heyusa.com\/nl\/fotografie-photography-policy\/#breadcrumb\"},\"inLanguage\":\"nl-NL\",\"potentialAction\":[{\"@type\":\"ReadAction\",\"target\":[\"https:\/\/www.heyusa.com\/nl\/fotografie-photography-policy\/\"]}]},{\"@type\":\"BreadcrumbList\",\"@id\":\"https:\/\/www.heyusa.com\/nl\/fotografie-photography-policy\/#breadcrumb\",\"itemListElement\":[{\"@type\":\"ListItem\",\"position\":1,\"name\":\"Home\",\"item\":\"https:\/\/www.heyusa.com\/nl\/\"},{\"@type\":\"ListItem\",\"position\":2,\"name\":\"Fotografie \/ photography policy\"}]},{\"@type\":\"WebSite\",\"@id\":\"https:\/\/www.heyusa.com\/nl\/#website\",\"url\":\"https:\/\/www.heyusa.com\/nl\/\",\"name\":\"Hey!USA\",\"description\":\"All Day USA\",\"publisher\":{\"@id\":\"https:\/\/www.heyusa.com\/nl\/#organization\"},\"potentialAction\":[{\"@type\":\"SearchAction\",\"target\":{\"@type\":\"EntryPoint\",\"urlTemplate\":\"https:\/\/www.heyusa.com\/nl\/?s={search_term_string}\"},\"query-input\":{\"@type\":\"PropertyValueSpecification\",\"valueRequired\":true,\"valueName\":\"search_term_string\"}}],\"inLanguage\":\"nl-NL\"},{\"@type\":\"Organization\",\"@id\":\"https:\/\/www.heyusa.com\/nl\/#organization\",\"name\":\"Hey!USA\",\"url\":\"https:\/\/www.heyusa.com\/nl\/\",\"logo\":{\"@type\":\"ImageObject\",\"inLanguage\":\"nl-NL\",\"@id\":\"https:\/\/www.heyusa.com\/nl\/#\/schema\/logo\/image\/\",\"url\":\"https:\/\/www.heyusa.com\/nl\/wp-content\/uploads\/2020\/02\/heyusa-logo-website.jpg\",\"contentUrl\":\"https:\/\/www.heyusa.com\/nl\/wp-content\/uploads\/2020\/02\/heyusa-logo-website.jpg\",\"width\":696,\"height\":696,\"caption\":\"Hey!USA\"},\"image\":{\"@id\":\"https:\/\/www.heyusa.com\/nl\/#\/schema\/logo\/image\/\"},\"sameAs\":[\"https:\/\/www.facebook.com\/heyusa.nl\",\"https:\/\/www.instagram.com\/heyusa.nl\/\"],\"description\":\"Hey!USA is een 360\u00b0 Amerika inspiratie platform. Wij zijn uitgever van reisgidsen, magazines, apps, podcasts, online, social media, video en events. Wij brengen Amerika, dichtbij!\",\"email\":\"team@heyusa.com\",\"telephone\":\"+32033037137\",\"legalName\":\"HEY USA BV\",\"vatID\":\"BE0786996038\",\"duns\":\"372634124\",\"numberOfEmployees\":{\"@type\":\"QuantitativeValue\",\"minValue\":\"1\",\"maxValue\":\"10\"}}]}<\/script>","yoast_head_json":{"title":"Fotografie \/ photography policy - Hey!USA","robots":{"index":"index","follow":"follow","max-snippet":"max-snippet:-1","max-image-preview":"max-image-preview:large","max-video-preview":"max-video-preview:-1"},"canonical":"https:\/\/www.heyusa.com\/nl\/fotografie-photography-policy\/","og_locale":"nl_NL","og_type":"article","og_title":"Fotografie \/ photography policy","og_description":"[vc_row][vc_column][vc_column_text]Als uitgever van Hey!USA nemen wij het gebruik van fotografie zeer serieus. Het is \u00e9\u00e9n van onze meest waardevolle bezittingen. Daar waar mogelijk gebruiken wij eigen fotografie en video. Eventuele andere beelden worden door middel van foto databases en onafhankelijke fotografen aangevuld. Deze website bevat ook persoonlijke fotografie van onze gastauteurs. Andere fotografie is mogelijk&hellip;","og_url":"https:\/\/www.heyusa.com\/nl\/fotografie-photography-policy\/","og_site_name":"Hey!USA","article_publisher":"https:\/\/www.facebook.com\/heyusa.nl","article_modified_time":"2023-02-21T21:42:20+00:00","twitter_card":"summary_large_image","twitter_misc":{"Geschatte leestijd":"2 minuten"},"schema":{"@context":"https:\/\/schema.org","@graph":[{"@type":"WebPage","@id":"https:\/\/www.heyusa.com\/nl\/fotografie-photography-policy\/","url":"https:\/\/www.heyusa.com\/nl\/fotografie-photography-policy\/","name":"Fotografie \/ photography policy - Hey!USA","isPartOf":{"@id":"https:\/\/www.heyusa.com\/nl\/#website"},"datePublished":"2021-12-28T10:33:06+00:00","dateModified":"2023-02-21T21:42:20+00:00","breadcrumb":{"@id":"https:\/\/www.heyusa.com\/nl\/fotografie-photography-policy\/#breadcrumb"},"inLanguage":"nl-NL","potentialAction":[{"@type":"ReadAction","target":["https:\/\/www.heyusa.com\/nl\/fotografie-photography-policy\/"]}]},{"@type":"BreadcrumbList","@id":"https:\/\/www.heyusa.com\/nl\/fotografie-photography-policy\/#breadcrumb","itemListElement":[{"@type":"ListItem","position":1,"name":"Home","item":"https:\/\/www.heyusa.com\/nl\/"},{"@type":"ListItem","position":2,"name":"Fotografie \/ photography policy"}]},{"@type":"WebSite","@id":"https:\/\/www.heyusa.com\/nl\/#website","url":"https:\/\/www.heyusa.com\/nl\/","name":"Hey!USA","description":"All Day USA","publisher":{"@id":"https:\/\/www.heyusa.com\/nl\/#organization"},"potentialAction":[{"@type":"SearchAction","target":{"@type":"EntryPoint","urlTemplate":"https:\/\/www.heyusa.com\/nl\/?s={search_term_string}"},"query-input":{"@type":"PropertyValueSpecification","valueRequired":true,"valueName":"search_term_string"}}],"inLanguage":"nl-NL"},{"@type":"Organization","@id":"https:\/\/www.heyusa.com\/nl\/#organization","name":"Hey!USA","url":"https:\/\/www.heyusa.com\/nl\/","logo":{"@type":"ImageObject","inLanguage":"nl-NL","@id":"https:\/\/www.heyusa.com\/nl\/#\/schema\/logo\/image\/","url":"https:\/\/www.heyusa.com\/nl\/wp-content\/uploads\/2020\/02\/heyusa-logo-website.jpg","contentUrl":"https:\/\/www.heyusa.com\/nl\/wp-content\/uploads\/2020\/02\/heyusa-logo-website.jpg","width":696,"height":696,"caption":"Hey!USA"},"image":{"@id":"https:\/\/www.heyusa.com\/nl\/#\/schema\/logo\/image\/"},"sameAs":["https:\/\/www.facebook.com\/heyusa.nl","https:\/\/www.instagram.com\/heyusa.nl\/"],"description":"Hey!USA is een 360\u00b0 Amerika inspiratie platform. Wij zijn uitgever van reisgidsen, magazines, apps, podcasts, online, social media, video en events. Wij brengen Amerika, dichtbij!","email":"team@heyusa.com","telephone":"+32033037137","legalName":"HEY USA BV","vatID":"BE0786996038","duns":"372634124","numberOfEmployees":{"@type":"QuantitativeValue","minValue":"1","maxValue":"10"}}]}},"_links":{"self":[{"href":"https:\/\/www.heyusa.com\/nl\/wp-json\/wp\/v2\/pages\/10287","targetHints":{"allow":["GET"]}}],"collection":[{"href":"https:\/\/www.heyusa.com\/nl\/wp-json\/wp\/v2\/pages"}],"about":[{"href":"https:\/\/www.heyusa.com\/nl\/wp-json\/wp\/v2\/types\/page"}],"author":[{"embeddable":true,"href":"https:\/\/www.heyusa.com\/nl\/wp-json\/wp\/v2\/users\/1"}],"replies":[{"embeddable":true,"href":"https:\/\/www.heyusa.com\/nl\/wp-json\/wp\/v2\/comments?post=10287"}],"version-history":[{"count":0,"href":"https:\/\/www.heyusa.com\/nl\/wp-json\/wp\/v2\/pages\/10287\/revisions"}],"wp:attachment":[{"href":"https:\/\/www.heyusa.com\/nl\/wp-json\/wp\/v2\/media?parent=10287"}],"curies":[{"name":"wp","href":"https:\/\/api.w.org\/{rel}","templated":true}]}}